{"id":35,"date":"2019-10-14T09:59:25","date_gmt":"2019-10-14T09:59:25","guid":{"rendered":"http:\/\/premiumspot.pt\/fr\/?page_id=35"},"modified":"2019-11-08T13:19:13","modified_gmt":"2019-11-08T13:19:13","slug":"politique-de-privacite-et-cookies","status":"publish","type":"page","link":"https:\/\/premiumspot.pt\/fr\/politique-de-privacite-et-cookies\/","title":{"rendered":"Politique de Privacit\u00e9 et Cookies"},"content":{"rendered":"<section class=\"wpb-content-wrapper\"><p>[vc_row type=\u00a0\u00bbvc_default\u00a0\u00bb full_width=\u00a0\u00bbstretch_row\u00a0\u00bb content_placement=\u00a0\u00bbmiddle\u00a0\u00bb el_id=\u00a0\u00bbpremiumspot\u00a0\u00bb css=\u00a0\u00bb.vc_custom_1566901650336{background-image: url(https:\/\/premiumspot.pt\/wp-content\/uploads\/2019\/08\/premiumr.jpg?id=368) !important;background-position: center !important;background-repeat: no-repeat !important;background-size: cover !important;}\u00a0\u00bb][vc_column][vc_empty_space height=\u00a0\u00bb75px\u00a0\u00bb][vc_column_text css_animation=\u00a0\u00bbfadeIn\u00a0\u00bb]<\/p>\r\n<h2><span style=\"color: #0f1272; font-size: 10pt;\">Politique de Privacit\u00e9 et Cookies<\/span><\/h2>\r\n<h6><span style=\"font-size: 20pt; color: #0f1272;\">QUESTIONS FR\u00c9QUENTES<\/span><\/h6>\r\n<p>[\/vc_column_text][vc_empty_space height=\u00a0\u00bb25px\u00a0\u00bb][vc_row_inner gap=\u00a0\u00bb20&Prime;][vc_column_inner][vc_column_text]<\/p>\r\n<h3><span style=\"color: #0f1272;\">Que sont les Cookies?<\/span><\/h3>\r\n<!-- \/wp:heading -->\r\n<p>Un Cookie est un petit fichier stock\u00e9 sur le dispositif d&rsquo;un visiteur afin de conserver en permanence des informations, identifiant le type de dispositif ainsi que d&rsquo;autres informations pertinentes pour mettre correctement \u00e0 disposition et adapter tous les \u00e9l\u00e9ments du site internet \u00e0 leur utilisation.<\/p>\r\n<!-- \/wp:paragraph -->\r\n<p>&nbsp;<\/p>\r\n<!-- wp:heading {\"level\":3} -->\r\n<h3><span style=\"color: #0f1272;\">Ce site utilise-t-il des Cookies?<\/span><\/h3>\r\n<!-- \/wp:heading -->\r\n<p>Oui, pour am\u00e9liorer votre exp\u00e9rience utilisateur chaque fois que vous visitez notre site web. Les Cookies sont utilis\u00e9s pour collecter des indicateurs de performance, d\u2019origine et d\u2019heure d\u2019acc\u00e8s au site web.<\/p>\r\n<!-- \/wp:paragraph -->\r\n<p>&nbsp;<\/p>\r\n<!-- wp:heading {\"level\":3} -->\r\n<h3><span style=\"color: #0f1272;\">Quelle est la politique de confidentialit\u00e9 de premiumspot.pt?<\/span><\/h3>\r\n<!-- \/wp:heading -->\r\n<p>Les donn\u00e9es collect\u00e9es et stock\u00e9es dans les Cookies ne seront pas mises \u00e0 disposition par www.premiumspot.pt \u00e0 des tiers. La navigation sur ce site web est surveill\u00e9e \u00e0 des fins statistiques uniquement.<\/p>\r\n<!-- \/wp:paragraph -->\r\n<p>&nbsp;<\/p>\r\n<!-- wp:heading {\"level\":3} -->\r\n<h3><span style=\"color: #0f1272;\">Dois-je accepter l&rsquo;utilisation de Cookies?<\/span><\/h3>\r\n<!-- \/wp:heading -->\r\n<p>Conform\u00e9ment \u00e0 la Loi 41\/2004 du 18 Ao\u00fbt et \u00e0 la loi 46\/2012 du 29 Ao\u00fbt, le site web www.premiumspot.pt ne peut utiliser des cookies qu&rsquo;avec l&rsquo;accord pr\u00e9alable et expr\u00e8s du visiteur. www.premiumspot.pt s&rsquo;engage \u00e0 utiliser le stockage de Cookies uniquement aux fins mentionn\u00e9es dans les points pr\u00e9c\u00e9dents.<\/p>\r\n<p>Il est important de noter que l&rsquo;utilisation de Cookies est essentielle au bon fonctionnement du site web dans son ensemble. Par cons\u00e9quent, son acceptation est recommand\u00e9e.<\/p>\r\n<p>La plupart des navigateurs vous permettent de contr\u00f4ler les Cookies stock\u00e9s sur votre dispositif, ainsi que de les supprimer imm\u00e9diatement si vous ne souhaitez plus autoriser le stockage de Cookies locaux.<\/p>\r\n<p><strong>\u00a0<\/strong><\/p>\r\n<p>[\/vc_column_text][\/vc_column_inner][\/vc_row_inner][vc_empty_space height=\u00a0\u00bb75px\u00a0\u00bb][\/vc_column][\/vc_row][vc_row type=\u00a0\u00bbvc_default\u00a0\u00bb full_width=\u00a0\u00bbstretch_row\u00a0\u00bb css=\u00a0\u00bb.vc_custom_1566917498051{margin-top: -30px !important;margin-bottom: -70px !important;background-color: #010134 !important;}\u00a0\u00bb][vc_column width=\u00a0\u00bb1\/2&Prime;][vc_column_text css=\u00a0\u00bb.vc_custom_1566929658339{margin-top: -39px !important;margin-bottom: -16px !important;}\u00a0\u00bb]<\/p>\r\n<h3 style=\"text-align: left;\"><span style=\"color: #ffffff; font-size: 8pt;\">PREMIUMSPOT &#8211; CONSULTORIA E MEDIA\u00c7\u00c3O DE INVESTIMENTOS IMOBILI\u00c1RIOS 2009<\/span><\/h3>\r\n<p>[\/vc_column_text][\/vc_column][vc_column width=\u00a0\u00bb1\/2&Prime;][vc_column_text css=\u00a0\u00bb.vc_custom_1566929664796{margin-top: -39px !important;margin-bottom: -16px !important;}\u00a0\u00bb]<\/p>\r\n<h3 style=\"text-align: right;\"><span style=\"color: #ffffff; font-size: 8pt;\"><a style=\"text-decoration: none; color: #ffffff;\" href=\"https:\/\/criaimpacto.com\/\" target=\"_blank\" rel=\"noopener noreferrer\">By Cria Impacto<\/a><\/span><\/h3>\r\n<p>[\/vc_column_text][\/vc_column][\/vc_row]<\/p><\/section>","protected":false},"excerpt":{"rendered":"<p>[vc_row type=\u00a0\u00bbvc_default\u00a0\u00bb full_width=\u00a0\u00bbstretch_row\u00a0\u00bb content_placement=\u00a0\u00bbmiddle\u00a0\u00bb el_id=\u00a0\u00bbpremiumspot\u00a0\u00bb css=\u00a0\u00bb.vc_custom_1566901650336{background-image: url(https:\/\/premiumspot.pt\/wp-content\/uploads\/2019\/08\/premiumr.jpg?id=368) !important;background-position: center !important;background-repeat: no-repeat !important;background-size: cover !important;}\u00a0\u00bb][vc_column][vc_empty_space height=\u00a0\u00bb75px\u00a0\u00bb][vc_column_text css_animation=\u00a0\u00bbfadeIn\u00a0\u00bb] Politique de Privacit\u00e9 et Cookies QUESTIONS FR\u00c9QUENTES [\/vc_column_text][vc_empty_space height=\u00a0\u00bb25px\u00a0\u00bb][vc_row_inner gap=\u00a0\u00bb20&Prime;][vc_column_inner][vc_column_text] Que sont les Cookies? Un Cookie est un petit fichier stock\u00e9 sur le dispositif d&rsquo;un visiteur afin de conserver en permanence des informations, identifiant le type de dispositif ainsi&hellip;<\/p>\n","protected":false},"author":1,"featured_media":0,"parent":0,"menu_order":0,"comment_status":"closed","ping_status":"closed","template":"template-microsite.php","meta":[],"_links":{"self":[{"href":"https:\/\/premiumspot.pt\/fr\/wp-json\/wp\/v2\/pages\/35"}],"collection":[{"href":"https:\/\/premiumspot.pt\/fr\/wp-json\/wp\/v2\/pages"}],"about":[{"href":"https:\/\/premiumspot.pt\/fr\/wp-json\/wp\/v2\/types\/page"}],"author":[{"embeddable":true,"href":"https:\/\/premiumspot.pt\/fr\/wp-json\/wp\/v2\/users\/1"}],"replies":[{"embeddable":true,"href":"https:\/\/premiumspot.pt\/fr\/wp-json\/wp\/v2\/comments?post=35"}],"version-history":[{"count":4,"href":"https:\/\/premiumspot.pt\/fr\/wp-json\/wp\/v2\/pages\/35\/revisions"}],"predecessor-version":[{"id":43,"href":"https:\/\/premiumspot.pt\/fr\/wp-json\/wp\/v2\/pages\/35\/revisions\/43"}],"wp:attachment":[{"href":"https:\/\/premiumspot.pt\/fr\/wp-json\/wp\/v2\/media?parent=35"}],"curies":[{"name":"wp","href":"https:\/\/api.w.org\/{rel}","templated":true}]}}