{"id":61,"date":"2022-12-28T11:10:08","date_gmt":"2022-12-28T11:10:08","guid":{"rendered":"https:\/\/premiumspot.pt\/en\/?page_id=61"},"modified":"2022-12-28T11:30:54","modified_gmt":"2022-12-28T11:30:54","slug":"news","status":"publish","type":"page","link":"https:\/\/premiumspot.pt\/en\/news\/","title":{"rendered":"News"},"content":{"rendered":"<section class=\"wpb-content-wrapper\"><p>[vc_row full_width=&#8221;stretch_row&#8221; content_placement=&#8221;middle&#8221; type=&#8221;vc_default&#8221; css=&#8221;.vc_custom_1670409685986{background-image: url(https:\/\/premiumspot.pt\/wp-content\/uploads\/2019\/08\/premiumr.jpg?id=368) !important;background-position: center !important;background-repeat: no-repeat !important;background-size: cover !important;}&#8221;][vc_column offset=&#8221;vc_hidden-sm vc_hidden-xs&#8221;][vc_empty_space height=&#8221;175px&#8221;][vc_column_text css_animation=&#8221;fadeIn&#8221;]<\/p>\n<h2><span style=\"color: #0f1272;\">NEWS<\/span><\/h2>\n<p>[\/vc_column_text][\/vc_column][\/vc_row][vc_row full_width=&#8221;stretch_row&#8221; content_placement=&#8221;middle&#8221; type=&#8221;vc_default&#8221; css=&#8221;.vc_custom_1670409685986{background-image: url(https:\/\/premiumspot.pt\/wp-content\/uploads\/2019\/08\/premiumr.jpg?id=368) !important;background-position: center !important;background-repeat: no-repeat !important;background-size: cover !important;}&#8221;][vc_column offset=&#8221;vc_hidden-lg vc_hidden-md&#8221;][vc_empty_space height=&#8221;75px&#8221;][vc_column_text css_animation=&#8221;fadeIn&#8221;]<\/p>\n<h2><span style=\"color: #0f1272;\">NEWS<\/span><\/h2>\n<p>[\/vc_column_text][\/vc_column][\/vc_row][vc_row full_width=&#8221;stretch_row&#8221; content_placement=&#8221;middle&#8221; type=&#8221;vc_default&#8221; css=&#8221;.vc_custom_1566901650336{background-image: url(https:\/\/premiumspot.pt\/wp-content\/uploads\/2019\/08\/premiumr.jpg?id=368) !important;background-position: center !important;background-repeat: no-repeat !important;background-size: cover !important;}&#8221;][vc_column][vc_row_inner gap=&#8221;20&#8243;][vc_column_inner][vc_basic_grid post_type=&#8221;post&#8221; max_items=&#8221;-1&#8243; item=&#8221;71&#8243; grid_id=&#8221;vc_gid:1672227026990-64da7ca9-b4a1-10&#8243;][\/vc_column_inner][\/vc_row_inner][vc_empty_space height=&#8221;75px&#8221;][\/vc_column][\/vc_row][vc_row full_width=&#8221;stretch_row&#8221; type=&#8221;vc_default&#8221; css=&#8221;.vc_custom_1566917498051{margin-top: -30px !important;margin-bottom: -70px !important;background-color: #010134 !important;}&#8221;][vc_column width=&#8221;1\/2&#8243;][vc_column_text css=&#8221;.vc_custom_1672226843354{margin-top: -39px !important;margin-bottom: -16px !important;}&#8221;]<\/p>\n<h3 style=\"text-align: left;\"><span style=\"color: #ffffff; font-size: 8pt;\">PREMIUMSPOT &#8211; CONSULTORIA E MEDIA\u00c7\u00c3O DE INVESTIMENTOS IMOBILI\u00c1RIOS 2023<\/span><\/h3>\n<p>[\/vc_column_text][\/vc_column][vc_column width=&#8221;1\/2&#8243;][vc_column_text css=&#8221;.vc_custom_1672227053395{margin-top: -39px !important;margin-bottom: -16px !important;}&#8221;]<\/p>\n<h3 style=\"text-align: right;\"><span style=\"color: #ffffff; font-size: 8pt;\"><a style=\"text-decoration: none; color: #ffffff;\" href=\"https:\/\/criaimpacto.com\/\" target=\"_blank\" rel=\"noopener noreferrer\">By Cria Impacto \u00a0 <\/a><a style=\"text-decoration: none; color: #ffffff;\" href=\"https:\/\/premiumspot.pt\/en\/privacy-policy\/\" target=\"_self\" rel=\"noopener noreferrer\">Privacy Policy<\/a><\/span><\/h3>\n<p>[\/vc_column_text][\/vc_column][\/vc_row]<\/p>\n<\/section>","protected":false},"excerpt":{"rendered":"<p>[vc_row full_width=&#8221;stretch_row&#8221; content_placement=&#8221;middle&#8221; type=&#8221;vc_default&#8221; css=&#8221;.vc_custom_1670409685986{background-image: url(https:\/\/premiumspot.pt\/wp-content\/uploads\/2019\/08\/premiumr.jpg?id=368) !important;background-position: center !important;background-repeat: no-repeat !important;background-size: cover !important;}&#8221;][vc_column offset=&#8221;vc_hidden-sm vc_hidden-xs&#8221;][vc_empty_space height=&#8221;175px&#8221;][vc_column_text css_animation=&#8221;fadeIn&#8221;] NEWS [\/vc_column_text][\/vc_column][\/vc_row][vc_row full_width=&#8221;stretch_row&#8221; content_placement=&#8221;middle&#8221; type=&#8221;vc_default&#8221; css=&#8221;.vc_custom_1670409685986{background-image: url(https:\/\/premiumspot.pt\/wp-content\/uploads\/2019\/08\/premiumr.jpg?id=368) !important;background-position: center !important;background-repeat: no-repeat !important;background-size: cover !important;}&#8221;][vc_column offset=&#8221;vc_hidden-lg vc_hidden-md&#8221;][vc_empty_space height=&#8221;75px&#8221;][vc_column_text css_animation=&#8221;fadeIn&#8221;] NEWS [\/vc_column_text][\/vc_column][\/vc_row][vc_row full_width=&#8221;stretch_row&#8221; content_placement=&#8221;middle&#8221; type=&#8221;vc_default&#8221; css=&#8221;.vc_custom_1566901650336{background-image: url(https:\/\/premiumspot.pt\/wp-content\/uploads\/2019\/08\/premiumr.jpg?id=368) !important;background-position: center !important;background-repeat: no-repeat !important;background-size: cover !important;}&#8221;][vc_column][vc_row_inner gap=&#8221;20&#8243;][vc_column_inner][vc_basic_grid post_type=&#8221;post&#8221; max_items=&#8221;-1&#8243; item=&#8221;71&#8243; grid_id=&#8221;vc_gid:1672227026990-64da7ca9-b4a1-10&#8243;][\/vc_column_inner][\/vc_row_inner][vc_empty_space height=&#8221;75px&#8221;][\/vc_column][\/vc_row][vc_row&hellip;<\/p>\n","protected":false},"author":1,"featured_media":0,"parent":0,"menu_order":0,"comment_status":"closed","ping_status":"closed","template":"","meta":[],"_links":{"self":[{"href":"https:\/\/premiumspot.pt\/en\/wp-json\/wp\/v2\/pages\/61"}],"collection":[{"href":"https:\/\/premiumspot.pt\/en\/wp-json\/wp\/v2\/pages"}],"about":[{"href":"https:\/\/premiumspot.pt\/en\/wp-json\/wp\/v2\/types\/page"}],"author":[{"embeddable":true,"href":"https:\/\/premiumspot.pt\/en\/wp-json\/wp\/v2\/users\/1"}],"replies":[{"embeddable":true,"href":"https:\/\/premiumspot.pt\/en\/wp-json\/wp\/v2\/comments?post=61"}],"version-history":[{"count":8,"href":"https:\/\/premiumspot.pt\/en\/wp-json\/wp\/v2\/pages\/61\/revisions"}],"predecessor-version":[{"id":80,"href":"https:\/\/premiumspot.pt\/en\/wp-json\/wp\/v2\/pages\/61\/revisions\/80"}],"wp:attachment":[{"href":"https:\/\/premiumspot.pt\/en\/wp-json\/wp\/v2\/media?parent=61"}],"curies":[{"name":"wp","href":"https:\/\/api.w.org\/{rel}","templated":true}]}}