{"id":36,"date":"2019-10-01T15:04:46","date_gmt":"2019-10-01T15:04:46","guid":{"rendered":"http:\/\/premiumspot.pt\/en\/?page_id=36"},"modified":"2019-11-08T13:18:22","modified_gmt":"2019-11-08T13:18:22","slug":"privacy-policy","status":"publish","type":"page","link":"https:\/\/premiumspot.pt\/en\/privacy-policy\/","title":{"rendered":"Privacy and Cookie Policy"},"content":{"rendered":"<section class=\"wpb-content-wrapper\"><p>[vc_row full_width=&#8221;stretch_row&#8221; content_placement=&#8221;middle&#8221; type=&#8221;vc_default&#8221; el_id=&#8221;premiumspot&#8221; css=&#8221;.vc_custom_1566901650336{background-image: url(https:\/\/premiumspot.pt\/wp-content\/uploads\/2019\/08\/premiumr.jpg?id=368) !important;background-position: center !important;background-repeat: no-repeat !important;background-size: cover !important;}&#8221;][vc_column][vc_empty_space height=&#8221;75px&#8221;][vc_column_text css_animation=&#8221;fadeIn&#8221;]<\/p>\n<h2><span style=\"color: #0f1272; font-size: 10pt;\">Privacy and Cookie Policy<\/span><\/h2>\n<h6><span style=\"font-size: 20pt; color: #0f1272;\">Frequently Asked Questions<\/span><\/h6>\n<p>[\/vc_column_text][vc_empty_space height=&#8221;25px&#8221;][vc_row_inner gap=&#8221;20&#8243;][vc_column_inner][vc_column_text]<\/p>\n<h3 class=\"p2\"><span class=\"s1\" style=\"color: #0f1272;\">What are Cookies?<\/span><\/h3>\n<p class=\"p3\">A Cookie is a small data file stored on a visitor&#8217;s computer or device in order to keep constantly some information that identifies the type of device, as well, other relevant information to correctly make available and adapt all components of the website to their use.<\/p>\n<h3><\/h3>\n<p>&nbsp;<\/p>\n<h3 class=\"p3\"><span class=\"s1\" style=\"color: #0f1272;\">Does this website use Cookies?<\/span><\/h3>\n<p>Yes, to improve your user\u2019s experience every time you visit our website. Cookies are used to collect performance\u2019 indicators, origin and time of website access.<\/p>\n<h3><\/h3>\n<p>&nbsp;<\/p>\n<h3 class=\"p3\"><span class=\"s1\" style=\"color: #0f1272;\">What is the privacy policy of\u00a0<span class=\"s2\">www.premiumspot.pt<\/span>?<\/span><\/h3>\n<p>The data collected and stored in Cookies will not be made available by www.premiumspot.pt to third parties. Navigation on this website is monitored for statistical purposes only.<\/p>\n<h3><\/h3>\n<p>&nbsp;<\/p>\n<h3 class=\"p3\"><span class=\"s1\" style=\"color: #0f1272;\">Should I accept the use of Cookies?<\/span><\/h3>\n<p>In compliance with the Law 41\/2004, of 18<sup>th<\/sup> of August and the Law 46\/2012 of 29<sup>th<\/sup> of August the website www.premiumspot.pt may only use Cookies with the prior and express consent of the visitor.<\/p>\n<p class=\"p3\">www.premiumspot.pt undertakes to use the Cookie storage only for the purposes mentioned in the previous points. It is important to note that the use of cookies is essential for the correct functioning of the website as a whole, therefore its acceptance is recommended.<strong><br \/>\n<\/strong><\/p>\n<p>Most browsers allow you to control the Cookies stored on your computer or device, as well, delete them immediately if you no longer want to allow local Cookies to be stored.[\/vc_column_text][\/vc_column_inner][\/vc_row_inner][vc_empty_space height=&#8221;75px&#8221;][\/vc_column][\/vc_row][vc_row full_width=&#8221;stretch_row&#8221; type=&#8221;vc_default&#8221; css=&#8221;.vc_custom_1566917498051{margin-top: -30px !important;margin-bottom: -70px !important;background-color: #010134 !important;}&#8221;][vc_column width=&#8221;1\/2&#8243;][vc_column_text css=&#8221;.vc_custom_1566929658339{margin-top: -39px !important;margin-bottom: -16px !important;}&#8221;]<\/p>\n<h3 style=\"text-align: left;\"><span style=\"color: #ffffff; font-size: 8pt;\">PREMIUMSPOT &#8211; CONSULTORIA E MEDIA\u00c7\u00c3O DE INVESTIMENTOS IMOBILI\u00c1RIOS 2009<\/span><\/h3>\n<p>[\/vc_column_text][\/vc_column][vc_column width=&#8221;1\/2&#8243;][vc_column_text css=&#8221;.vc_custom_1566929664796{margin-top: -39px !important;margin-bottom: -16px !important;}&#8221;]<\/p>\n<h3 style=\"text-align: right;\"><span style=\"color: #ffffff; font-size: 8pt;\"><a style=\"text-decoration: none; color: #ffffff;\" href=\"https:\/\/criaimpacto.com\/\" target=\"_blank\" rel=\"noopener noreferrer\">By Cria Impacto<\/a><\/span><\/h3>\n<p>[\/vc_column_text][\/vc_column][\/vc_row]<\/p>\n<\/section>","protected":false},"excerpt":{"rendered":"<p>[vc_row full_width=&#8221;stretch_row&#8221; content_placement=&#8221;middle&#8221; type=&#8221;vc_default&#8221; el_id=&#8221;premiumspot&#8221; css=&#8221;.vc_custom_1566901650336{background-image: url(https:\/\/premiumspot.pt\/wp-content\/uploads\/2019\/08\/premiumr.jpg?id=368) !important;background-position: center !important;background-repeat: no-repeat !important;background-size: cover !important;}&#8221;][vc_column][vc_empty_space height=&#8221;75px&#8221;][vc_column_text css_animation=&#8221;fadeIn&#8221;] Privacy and Cookie Policy Frequently Asked Questions [\/vc_column_text][vc_empty_space height=&#8221;25px&#8221;][vc_row_inner gap=&#8221;20&#8243;][vc_column_inner][vc_column_text] What are Cookies? A Cookie is a small data file stored on a visitor&#8217;s computer or device in order to keep constantly some information that identifies the type of&hellip;<\/p>\n","protected":false},"author":1,"featured_media":0,"parent":0,"menu_order":0,"comment_status":"closed","ping_status":"closed","template":"template-microsite.php","meta":[],"_links":{"self":[{"href":"https:\/\/premiumspot.pt\/en\/wp-json\/wp\/v2\/pages\/36"}],"collection":[{"href":"https:\/\/premiumspot.pt\/en\/wp-json\/wp\/v2\/pages"}],"about":[{"href":"https:\/\/premiumspot.pt\/en\/wp-json\/wp\/v2\/types\/page"}],"author":[{"embeddable":true,"href":"https:\/\/premiumspot.pt\/en\/wp-json\/wp\/v2\/users\/1"}],"replies":[{"embeddable":true,"href":"https:\/\/premiumspot.pt\/en\/wp-json\/wp\/v2\/comments?post=36"}],"version-history":[{"count":3,"href":"https:\/\/premiumspot.pt\/en\/wp-json\/wp\/v2\/pages\/36\/revisions"}],"predecessor-version":[{"id":43,"href":"https:\/\/premiumspot.pt\/en\/wp-json\/wp\/v2\/pages\/36\/revisions\/43"}],"wp:attachment":[{"href":"https:\/\/premiumspot.pt\/en\/wp-json\/wp\/v2\/media?parent=36"}],"curies":[{"name":"wp","href":"https:\/\/api.w.org\/{rel}","templated":true}]}}